{"id":1208,"date":"2017-09-12T16:54:29","date_gmt":"2017-09-12T14:54:29","guid":{"rendered":"http:\/\/neu2.vidicom-tv.com\/?page_id=1208"},"modified":"2022-07-09T18:28:56","modified_gmt":"2022-07-09T16:28:56","slug":"kino","status":"publish","type":"page","link":"https:\/\/vidicom-tv.com\/en\/produktionen\/kino\/","title":{"rendered":"Cinema"},"content":{"rendered":"<p>On the big screen, some films unfold a very own magic. After the successful launch of &#8220;Germany&#8217;s North Sea Coast&#8221; (&#8220;Die Nordsee von oben&#8221;) with over 220,000 visitors to German cinemas, Vidicom hit the theaters again with German mythical landscapes, the feature film Riverbanks and a rare insight into the world&#8217;s only monks republic.<\/p>\n<p>\t\t\t<div class=\"jetpack-portfolio-shortcode column-2\">\n\t\t\t\t\t\t\t<div class=\"portfolio-entry portfolio-entry-column-2 type-cinema portfolio-entry-mobile-first-item-row portfolio-entry-first-item-row\">\n\t\t\t\t\t<header class=\"portfolio-entry-header\">\n\t\t\t\t\t\n\t\t\t\t\t<h2 class=\"portfolio-entry-title\">Mount Athos \u2013 A Taste of Heaven<\/h2>\n\n\t\t\t\t\t\t<div class=\"portfolio-entry-meta\">\n\t\t\t\t\t\t\t\t\t\t\t\t<\/div>\n\n\t\t\t\t\t<\/header>\n\n\t\t\t\t                  \t\t<div class=\"portfolio-trailer\">\n\t\t\t\t\t\t\t<center><div class=\"embed-container\"><iframe loading=\"lazy\" src=\"https:\/\/player.vimeo.com\/video\/239147031\" width=\"640\" height=\"360\" frameborder=\"0\" webkitallowfullscreen mozallowfullscreen allowfullscreen><\/iframe><\/div><\/center>\t\t\t\t\t\t<\/div>\n\t\t\t\t\t\t<div class=\"portfolio-entry-content\"><p>The peninsula Athos in Greece is one of the last living secrets of Europe.<br \/>\n<div id=\"pressrelease-link-1243\" class=\"sh-link pressrelease-link sh-hide\"><a href=\"#\" onclick=\"showhide_toggle('pressrelease', 1243, '\u25bc Show more', '\u25b2 Show less'); return false;\" aria-expanded=\"false\"><span id=\"pressrelease-toggle-1243\">\u25bc Show more<\/span><\/a><\/div><div id=\"pressrelease-content-1243\" class=\"sh-content pressrelease-content sh-hide\" style=\"display: none;\">For a thousand years the Holy Mountain and the only monastic republic in the world has attracted people from all over in search for spirituality.<\/p>\n<p>&nbsp;<\/p>\n<p><a href=\"http:\/\/athos-derfilm.de\/inhalt.html\">The movie&#8217;s website (German)<\/a><br \/>\n<a href=\"http:\/\/vidicom-tv.com\/wp-content\/uploads\/2017\/09\/ATHOS-Kinoposter.jpg\">cinema poster<\/a><\/div><\/p>\n<\/div>\n\t\t\t\t\t\t\t\t\t\t<\/div><!-- close .portfolio-entry -->\n\t\t\t\t\t\t\t\t<div class=\"portfolio-entry portfolio-entry-column-2 type-cinema portfolio-entry-mobile-last-item-row portfolio-entry-last-item-row\">\n\t\t\t\t\t<header class=\"portfolio-entry-header\">\n\t\t\t\t\t\n\t\t\t\t\t<h2 class=\"portfolio-entry-title\">Riverbanks (Feature Film)<\/h2>\n\n\t\t\t\t\t\t<div class=\"portfolio-entry-meta\">\n\t\t\t\t\t\t\t\t\t\t\t\t<\/div>\n\n\t\t\t\t\t<\/header>\n\n\t\t\t\t                  \t\t<div class=\"portfolio-trailer\">\n\t\t\t\t\t\t\t<center><div class=\"embed-container\"><iframe loading=\"lazy\" src=\"https:\/\/player.vimeo.com\/video\/239144858\" width=\"640\" height=\"360\" frameborder=\"0\" webkitallowfullscreen mozallowfullscreen allowfullscreen><\/iframe><\/div><\/center>\t\t\t\t\t\t<\/div>\n\t\t\t\t\t\t<div class=\"portfolio-entry-content\"><p>The feature film Riverbanks tells a love story in a refugee drama. Two souls intertwine in their belief that love will prevail.<br \/>\n<div id=\"pressrelease-link-1266\" class=\"sh-link pressrelease-link sh-hide\"><a href=\"#\" onclick=\"showhide_toggle('pressrelease', 1266, '\u25bc Show more', '\u25b2 Show less'); return false;\" aria-expanded=\"false\"><span id=\"pressrelease-toggle-1266\">\u25bc Show more<\/span><\/a><\/div><div id=\"pressrelease-content-1266\" class=\"sh-content pressrelease-content sh-hide\" style=\"display: none;\">The film is set on the river Evros, the border between Turkey and Greece, where thousands try to enter the European Union.<\/p>\n<p>&nbsp;<\/p>\n<p><a href=\"http:\/\/www.riverbanksmovie.gr\/\">The movie&#8217;s website (English)<\/a><\/div><\/p>\n<\/div>\n\t\t\t\t\t\t\t\t\t\t<\/div><!-- close .portfolio-entry -->\n\t\t\t\t\t\t\t\t<div class=\"portfolio-entry portfolio-entry-column-2 type-cinema portfolio-entry-mobile-first-item-row portfolio-entry-first-item-row\">\n\t\t\t\t\t<header class=\"portfolio-entry-header\">\n\t\t\t\t\t\n\t\t\t\t\t<h2 class=\"portfolio-entry-title\">Baden-Wuerttemberg from above<\/h2>\n\n\t\t\t\t\t\t<div class=\"portfolio-entry-meta\">\n\t\t\t\t\t\t\t\t\t\t\t\t<\/div>\n\n\t\t\t\t\t<\/header>\n\n\t\t\t\t                  \t\t<div class=\"portfolio-trailer\">\n\t\t\t\t\t\t\t<center><div class=\"embed-container\"><iframe loading=\"lazy\" src=\"https:\/\/player.vimeo.com\/video\/239145020\" width=\"640\" height=\"360\" frameborder=\"0\" webkitallowfullscreen mozallowfullscreen allowfullscreen><\/iframe><\/div><\/center>\t\t\t\t\t\t<\/div>\n\t\t\t\t\t\t<div class=\"portfolio-entry-content\"><p>This movie gives a unique view on the German region \u201eBaden Wuerttemberg\u201c throughout all seasons.<div id=\"pressrelease-link-1437\" class=\"sh-link pressrelease-link sh-hide\"><a href=\"#\" onclick=\"showhide_toggle('pressrelease', 1437, '\u25bc Show more', '\u25b2 Show less'); return false;\" aria-expanded=\"false\"><span id=\"pressrelease-toggle-1437\">\u25bc Show more<\/span><\/a><\/div><div id=\"pressrelease-content-1437\" class=\"sh-content pressrelease-content sh-hide\" style=\"display: none;\"><\/p>\n<p>&nbsp;<\/p>\n<p><a href=\"http:\/\/baden-wuerttemberg-von-oben.de\/\">The movie&#8217;s website (German)<\/a><br \/>\n<a href=\"http:\/\/baden-wuerttemberg-von-oben.de\/quiz.htm\">Quiz &#8220;Do you know me?&#8221; (German)<\/a><br \/>\n<a href=\"http:\/\/vidicom-tv.com\/wp-content\/uploads\/2017\/09\/Plakat-BaW\u00fc-final-2.jpg\">cinema poster (German)<\/a><br \/>\n<\/div><\/p>\n<\/div>\n\t\t\t\t\t\t\t\t\t\t<\/div><!-- close .portfolio-entry -->\n\t\t\t\t\t\t\t\t<div class=\"portfolio-entry portfolio-entry-column-2 type-cinema portfolio-entry-mobile-last-item-row portfolio-entry-last-item-row\">\n\t\t\t\t\t<header class=\"portfolio-entry-header\">\n\t\t\t\t\t\n\t\t\t\t\t<h2 class=\"portfolio-entry-title\">Rhinegold<\/h2>\n\n\t\t\t\t\t\t<div class=\"portfolio-entry-meta\">\n\t\t\t\t\t\t\t\t\t\t\t\t<\/div>\n\n\t\t\t\t\t<\/header>\n\n\t\t\t\t                  \t\t<div class=\"portfolio-trailer\">\n\t\t\t\t\t\t\t<center><div class=\"embed-container\"><iframe loading=\"lazy\" src=\"https:\/\/player.vimeo.com\/video\/239145190\" width=\"640\" height=\"360\" frameborder=\"0\" webkitallowfullscreen mozallowfullscreen allowfullscreen><\/iframe><\/div><\/center>\t\t\t\t\t\t<\/div>\n\t\t\t\t\t\t<div class=\"portfolio-entry-content\"><p>The Rhine is at the heart of the European soul and the most important river of the continent.<br \/>\n<div id=\"pressrelease-link-1443\" class=\"sh-link pressrelease-link sh-hide\"><a href=\"#\" onclick=\"showhide_toggle('pressrelease', 1443, '\u25bc Show more', '\u25b2 Show less'); return false;\" aria-expanded=\"false\"><span id=\"pressrelease-toggle-1443\">\u25bc Show more<\/span><\/a><\/div><div id=\"pressrelease-content-1443\" class=\"sh-content pressrelease-content sh-hide\" style=\"display: none;\">Rhinegold \u2013 Faces of a River presents a fascinating panorama.<\/p>\n<figure id=\"attachment_2011\" aria-describedby=\"caption-attachment-2011\" style=\"width: 300px\" class=\"wp-caption aligncenter\"><img loading=\"lazy\" decoding=\"async\" class=\"size-medium wp-image-2011\" src=\"http:\/\/vidicom-tv.com\/wp-content\/uploads\/2017\/09\/Ben-Becker-schaut-in-Kamera-300x200.jpg\" alt=\"\" width=\"300\" height=\"200\" srcset=\"https:\/\/vidicom-tv.com\/wp-content\/uploads\/2017\/09\/Ben-Becker-schaut-in-Kamera-300x200.jpg 300w, https:\/\/vidicom-tv.com\/wp-content\/uploads\/2017\/09\/Ben-Becker-schaut-in-Kamera-768x513.jpg 768w, https:\/\/vidicom-tv.com\/wp-content\/uploads\/2017\/09\/Ben-Becker-schaut-in-Kamera-1024x683.jpg 1024w\" sizes=\"auto, (max-width: 300px) 100vw, 300px\" \/><figcaption id=\"caption-attachment-2011\" class=\"wp-caption-text\">German top actor Ben Becker during narration<\/figcaption><\/figure>\n<p><\/div><\/p>\n<\/div>\n\t\t\t\t\t\t\t\t\t\t<\/div><!-- close .portfolio-entry -->\n\t\t\t\t\t\t\t\t<div class=\"portfolio-entry portfolio-entry-column-2 type-cinema portfolio-entry-mobile-first-item-row portfolio-entry-first-item-row\">\n\t\t\t\t\t<header class=\"portfolio-entry-header\">\n\t\t\t\t\t\n\t\t\t\t\t<h2 class=\"portfolio-entry-title\">The Alps \u2013 A Symphony of Summits<\/h2>\n\n\t\t\t\t\t\t<div class=\"portfolio-entry-meta\">\n\t\t\t\t\t\t\t\t\t\t\t\t<\/div>\n\n\t\t\t\t\t<\/header>\n\n\t\t\t\t                  \t\t<div class=\"portfolio-trailer\">\n\t\t\t\t\t\t\t<center><div class=\"embed-container\"><iframe loading=\"lazy\" src=\"https:\/\/player.vimeo.com\/video\/239147106\" width=\"640\" height=\"360\" frameborder=\"0\" webkitallowfullscreen mozallowfullscreen allowfullscreen><\/iframe><\/div><\/center>\t\t\t\t\t\t<\/div>\n\t\t\t\t\t\t<div class=\"portfolio-entry-content\"><p>The journey crosses all Alpine regions: Breathtaking panoramic shots make the film a powerful cinematic experience, in Germany, Austria, Switzerland and Japan.<br \/>\n<div id=\"pressrelease-link-1461\" class=\"sh-link pressrelease-link sh-hide\"><a href=\"#\" onclick=\"showhide_toggle('pressrelease', 1461, '\u25bc Show more', '\u25b2 Show less'); return false;\" aria-expanded=\"false\"><span id=\"pressrelease-toggle-1461\">\u25bc Show more<\/span><\/a><\/div><div id=\"pressrelease-content-1461\" class=\"sh-content pressrelease-content sh-hide\" style=\"display: none;\">The film tells the story of an unique cultural area, where different peoples and nations clashed in extreme terrain.<\/p>\n<figure id=\"attachment_2013\" aria-describedby=\"caption-attachment-2013\" style=\"width: 300px\" class=\"wp-caption aligncenter\"><img loading=\"lazy\" decoding=\"async\" class=\"wp-image-2013 size-medium\" src=\"http:\/\/vidicom-tv.com\/wp-content\/uploads\/2017\/09\/Kino-Alpen-PRESSEFOTO-PB-UW-TK-bei-Soundmischung-am-12.04.13-300x186.jpg\" alt=\"\" width=\"300\" height=\"186\" srcset=\"https:\/\/vidicom-tv.com\/wp-content\/uploads\/2017\/09\/Kino-Alpen-PRESSEFOTO-PB-UW-TK-bei-Soundmischung-am-12.04.13-300x186.jpg 300w, https:\/\/vidicom-tv.com\/wp-content\/uploads\/2017\/09\/Kino-Alpen-PRESSEFOTO-PB-UW-TK-bei-Soundmischung-am-12.04.13-768x477.jpg 768w, https:\/\/vidicom-tv.com\/wp-content\/uploads\/2017\/09\/Kino-Alpen-PRESSEFOTO-PB-UW-TK-bei-Soundmischung-am-12.04.13-1024x636.jpg 1024w\" sizes=\"auto, (max-width: 300px) 100vw, 300px\" \/><figcaption id=\"caption-attachment-2013\" class=\"wp-caption-text\">Narration Day with German top actor Udo Wachtveitl<\/figcaption><\/figure>\n<p><a href=\"http:\/\/vidicom-tv.com\/wp-content\/uploads\/2017\/09\/\u00e2\u00c5\u00e2\u00f4\u00e2_\u00fc\u00e2t\u00e2H\u00fc\u00e2Q\u00e2\u00ef\u00e9S\u00ee\u00c4\u00ec\u00e5.jpg\">film review Japan<\/a><br \/>\n<a href=\"http:\/\/vidicom-tv.com\/wp-content\/uploads\/2017\/09\/ASymphony_of_summits_JP_artwork.jpg\">cinema poster Japan<\/a><\/div><\/p>\n<\/div>\n\t\t\t\t\t\t\t\t\t\t<\/div><!-- close .portfolio-entry -->\n\t\t\t\t\t\t\t\t<div class=\"portfolio-entry portfolio-entry-column-2 type-cinema portfolio-entry-mobile-last-item-row portfolio-entry-last-item-row\">\n\t\t\t\t\t<header class=\"portfolio-entry-header\">\n\t\t\t\t\t\n\t\t\t\t\t<h2 class=\"portfolio-entry-title\">Baltic Sea from above<\/h2>\n\n\t\t\t\t\t\t<div class=\"portfolio-entry-meta\">\n\t\t\t\t\t\t\t\t\t\t\t\t<\/div>\n\n\t\t\t\t\t<\/header>\n\n\t\t\t\t                  \t\t<div class=\"portfolio-trailer\">\n\t\t\t\t\t\t\t<center><div class=\"embed-container\"><iframe loading=\"lazy\" src=\"https:\/\/player.vimeo.com\/video\/239145398\" width=\"640\" height=\"360\" frameborder=\"0\" webkitallowfullscreen mozallowfullscreen allowfullscreen><\/iframe><\/div><\/center>\t\t\t\t\t\t<\/div>\n\t\t\t\t\t\t<div class=\"portfolio-entry-content\"><p>Only from above mother nature reveals her artistic work and the beauty of the German Baltic Sea between Flensburg and Usedom.<br \/>\n<div id=\"pressrelease-link-1465\" class=\"sh-link pressrelease-link sh-hide\"><a href=\"#\" onclick=\"showhide_toggle('pressrelease', 1465, '\u25bc Show more', '\u25b2 Show less'); return false;\" aria-expanded=\"false\"><span id=\"pressrelease-toggle-1465\">\u25bc Show more<\/span><\/a><\/div><div id=\"pressrelease-content-1465\" class=\"sh-content pressrelease-content sh-hide\" style=\"display: none;\"><\/p>\n<p>&nbsp;<\/p>\n<p><a href=\"http:\/\/www.die-ostsee-von-oben.de\/\">The movie&#8217;s website (German)<\/a><\/div><\/p>\n<\/div>\n\t\t\t\t\t\t\t\t\t\t<\/div><!-- close .portfolio-entry -->\n\t\t\t\t\t\t\t\t<div class=\"portfolio-entry portfolio-entry-column-2 type-cinema portfolio-entry-mobile-first-item-row portfolio-entry-first-item-row\">\n\t\t\t\t\t<header class=\"portfolio-entry-header\">\n\t\t\t\t\t\n\t\t\t\t\t<h2 class=\"portfolio-entry-title\">Northsea from above<\/h2>\n\n\t\t\t\t\t\t<div class=\"portfolio-entry-meta\">\n\t\t\t\t\t\t\t\t\t\t\t\t<\/div>\n\n\t\t\t\t\t<\/header>\n\n\t\t\t\t                  \t\t<div class=\"portfolio-trailer\">\n\t\t\t\t\t\t\t<center><div class=\"embed-container\"><iframe loading=\"lazy\" src=\"https:\/\/player.vimeo.com\/video\/239145536\" width=\"640\" height=\"360\" frameborder=\"0\" webkitallowfullscreen mozallowfullscreen allowfullscreen><\/iframe><\/div><\/center>\t\t\t\t\t\t<\/div>\n\t\t\t\t\t\t<div class=\"portfolio-entry-content\"><p>VIDICOM&#8217;s first cinematic release shows stunning aerials of the Wadden Sea, small islands and the land protected from the mighty sea by dykes.<br \/>\n<div id=\"pressrelease-link-1467\" class=\"sh-link pressrelease-link sh-hide\"><a href=\"#\" onclick=\"showhide_toggle('pressrelease', 1467, '\u25bc Show more', '\u25b2 Show less'); return false;\" aria-expanded=\"false\"><span id=\"pressrelease-toggle-1467\">\u25bc Show more<\/span><\/a><\/div><div id=\"pressrelease-content-1467\" class=\"sh-content pressrelease-content sh-hide\" style=\"display: none;\">An audience of more than 220.000 viewers in German cinemas were impressed by the exotic look of the Northsea&#8217;s shores. This performance even made it to the German pavilion at Expo 2012 in Korea.<\/p>\n<figure id=\"attachment_2011\" aria-describedby=\"caption-attachment-2011\" style=\"width: 300px\" class=\"wp-caption aligncenter\"><img loading=\"lazy\" decoding=\"async\" class=\"wp-image-2011 size-medium\" src=\"http:\/\/vidicom-tv.com\/wp-content\/uploads\/2017\/09\/Kuesten_100212_klein-300x200.jpg\" alt=\"\" width=\"300\" height=\"200\"><figcaption id=\"caption-attachment-2011\" class=\"wp-caption-text\">&#8220;Northsea from above&#8221; on a visit in Korea, Expo 2012, German pavilion<\/figcaption><\/figure>\n<p><a href=\"http:\/\/www.die-nordsee-von-oben.de\/\">The movie&#8217;s website (German)<\/a><\/div><\/p>\n<\/div>\n\t\t\t\t\t\t\t\t\t\t<\/div><!-- close .portfolio-entry -->\n\t\t\t\t\t\t\t<\/div><!-- close .jetpack-portfolio -->\n\t\t\t<\/p>","protected":false},"excerpt":{"rendered":"<p>On the big screen, some films unfold a very own magic. After the successful launch of &#8220;Germany&#8217;s North Sea Coast&#8221; (&#8220;Die Nordsee von oben&#8221;) with over 220,000 visitors to German cinemas, Vidicom hit the theaters again with German mythical landscapes, the feature film Riverbanks and a rare insight into the world&#8217;s only monks republic.<\/p>\n","protected":false},"author":2,"featured_media":0,"parent":1192,"menu_order":0,"comment_status":"closed","ping_status":"closed","template":"","meta":{"_acf_changed":false,"footnotes":""},"class_list":["post-1208","page","type-page","status-publish","hentry"],"acf":[],"jetpack_sharing_enabled":true,"_links":{"self":[{"href":"https:\/\/vidicom-tv.com\/en\/wp-json\/wp\/v2\/pages\/1208","targetHints":{"allow":["GET"]}}],"collection":[{"href":"https:\/\/vidicom-tv.com\/en\/wp-json\/wp\/v2\/pages"}],"about":[{"href":"https:\/\/vidicom-tv.com\/en\/wp-json\/wp\/v2\/types\/page"}],"author":[{"embeddable":true,"href":"https:\/\/vidicom-tv.com\/en\/wp-json\/wp\/v2\/users\/2"}],"replies":[{"embeddable":true,"href":"https:\/\/vidicom-tv.com\/en\/wp-json\/wp\/v2\/comments?post=1208"}],"version-history":[{"count":120,"href":"https:\/\/vidicom-tv.com\/en\/wp-json\/wp\/v2\/pages\/1208\/revisions"}],"predecessor-version":[{"id":2209,"href":"https:\/\/vidicom-tv.com\/en\/wp-json\/wp\/v2\/pages\/1208\/revisions\/2209"}],"up":[{"embeddable":true,"href":"https:\/\/vidicom-tv.com\/en\/wp-json\/wp\/v2\/pages\/1192"}],"wp:attachment":[{"href":"https:\/\/vidicom-tv.com\/en\/wp-json\/wp\/v2\/media?parent=1208"}],"curies":[{"name":"wp","href":"https:\/\/api.w.org\/{rel}","templated":true}]}}